{"id":221,"date":"2021-01-28T12:39:15","date_gmt":"2021-01-28T11:39:15","guid":{"rendered":"https:\/\/albabike.com\/blog\/?page_id=221"},"modified":"2021-02-01T09:27:00","modified_gmt":"2021-02-01T08:27:00","slug":"nuestra-empresa","status":"publish","type":"page","link":"https:\/\/albabike.com\/blog\/nuestra-empresa\/","title":{"rendered":"Nuestra Empresa"},"content":{"rendered":"\t\t<div data-elementor-type=\"wp-page\" data-elementor-id=\"221\" class=\"elementor elementor-221\" data-elementor-settings=\"[]\">\n\t\t\t\t\t\t<div class=\"elementor-inner\">\n\t\t\t\t\t\t\t<div class=\"elementor-section-wrap\">\n\t\t\t\t\t\t\t<section class=\"elementor-section elementor-top-section elementor-element elementor-element-e1abca6 elementor-section-boxed elementor-section-height-default elementor-section-height-default\" data-id=\"e1abca6\" data-element_type=\"section\">\n\t\t\t\t\t\t<div class=\"elementor-container elementor-column-gap-default\">\n\t\t\t\t\t\t\t<div class=\"elementor-row\">\n\t\t\t\t\t<div class=\"elementor-column elementor-col-100 elementor-top-column elementor-element elementor-element-6eaac3f\" data-id=\"6eaac3f\" data-element_type=\"column\">\n\t\t\t<div class=\"elementor-column-wrap elementor-element-populated\">\n\t\t\t\t\t\t\t<div class=\"elementor-widget-wrap\">\n\t\t\t\t\t\t<div class=\"elementor-element elementor-element-a9ce664 elementor-widget elementor-widget-heading\" data-id=\"a9ce664\" data-element_type=\"widget\" data-widget_type=\"heading.default\">\n\t\t\t\t<div class=\"elementor-widget-container\">\n\t\t\t<h2 class=\"elementor-heading-title elementor-size-large\">Nuestra empresa<\/h2>\t\t<\/div>\n\t\t\t\t<\/div>\n\t\t\t\t\t\t<\/div>\n\t\t\t\t\t<\/div>\n\t\t<\/div>\n\t\t\t\t\t\t\t\t<\/div>\n\t\t\t\t\t<\/div>\n\t\t<\/section>\n\t\t\t\t<section class=\"elementor-section elementor-top-section elementor-element elementor-element-ec6fae5 elementor-section-boxed elementor-section-height-default elementor-section-height-default\" data-id=\"ec6fae5\" data-element_type=\"section\">\n\t\t\t\t\t\t<div class=\"elementor-container elementor-column-gap-default\">\n\t\t\t\t\t\t\t<div class=\"elementor-row\">\n\t\t\t\t\t<div class=\"elementor-column elementor-col-100 elementor-top-column elementor-element elementor-element-cb50e31\" data-id=\"cb50e31\" data-element_type=\"column\">\n\t\t\t<div class=\"elementor-column-wrap elementor-element-populated\">\n\t\t\t\t\t\t\t<div class=\"elementor-widget-wrap\">\n\t\t\t\t\t\t<div class=\"elementor-element elementor-element-7941dab elementor-widget elementor-widget-text-editor\" data-id=\"7941dab\" data-element_type=\"widget\" data-widget_type=\"text-editor.default\">\n\t\t\t\t<div class=\"elementor-widget-container\">\n\t\t\t\t\t\t\t\t<div class=\"elementor-text-editor elementor-clearfix\">\n\t\t\t\t\t<div class=\"main_title\"><p>Profesionalidad y cercan\u00eda<\/p><\/div>\t\t\t\t\t<\/div>\n\t\t\t\t\t\t<\/div>\n\t\t\t\t<\/div>\n\t\t\t\t\t\t<\/div>\n\t\t\t\t\t<\/div>\n\t\t<\/div>\n\t\t\t\t\t\t\t\t<\/div>\n\t\t\t\t\t<\/div>\n\t\t<\/section>\n\t\t\t\t<section class=\"elementor-section elementor-top-section elementor-element elementor-element-4a5a37b elementor-section-boxed elementor-section-height-default elementor-section-height-default\" data-id=\"4a5a37b\" data-element_type=\"section\">\n\t\t\t\t\t\t<div class=\"elementor-container elementor-column-gap-default\">\n\t\t\t\t\t\t\t<div class=\"elementor-row\">\n\t\t\t\t\t<div class=\"elementor-column elementor-col-100 elementor-top-column elementor-element elementor-element-df32a89\" data-id=\"df32a89\" data-element_type=\"column\">\n\t\t\t<div class=\"elementor-column-wrap elementor-element-populated\">\n\t\t\t\t\t\t\t<div class=\"elementor-widget-wrap\">\n\t\t\t\t\t\t<div class=\"elementor-element elementor-element-e4f2cbf elementor-widget elementor-widget-text-editor\" data-id=\"e4f2cbf\" data-element_type=\"widget\" data-widget_type=\"text-editor.default\">\n\t\t\t\t<div class=\"elementor-widget-container\">\n\t\t\t\t\t\t\t\t<div class=\"elementor-text-editor elementor-clearfix\">\n\t\t\t\t\t<h3>Expertos en ciclismo<\/h3><p><strong>La mejor opci\u00f3n para comprar material de ciclismo<\/strong><\/p><p>Ciclos Albacar se encuentra en la ciudad de Zaragoza, y posee una distribuci\u00f3n a nivel nacional, cuenta con 23 trabajadores, y es la primera tienda dedicada al mundo del ciclismo en Zaragoza.<\/p>\t\t\t\t\t<\/div>\n\t\t\t\t\t\t<\/div>\n\t\t\t\t<\/div>\n\t\t\t\t\t\t<\/div>\n\t\t\t\t\t<\/div>\n\t\t<\/div>\n\t\t\t\t\t\t\t\t<\/div>\n\t\t\t\t\t<\/div>\n\t\t<\/section>\n\t\t\t\t<section class=\"elementor-section elementor-top-section elementor-element elementor-element-ce1cb21 elementor-section-boxed elementor-section-height-default elementor-section-height-default\" data-id=\"ce1cb21\" data-element_type=\"section\">\n\t\t\t\t\t\t<div class=\"elementor-container elementor-column-gap-default\">\n\t\t\t\t\t\t\t<div class=\"elementor-row\">\n\t\t\t\t\t<div class=\"elementor-column elementor-col-100 elementor-top-column elementor-element elementor-element-24adfd4\" data-id=\"24adfd4\" data-element_type=\"column\">\n\t\t\t<div class=\"elementor-column-wrap elementor-element-populated\">\n\t\t\t\t\t\t\t<div class=\"elementor-widget-wrap\">\n\t\t\t\t\t\t<div class=\"elementor-element elementor-element-ad9fbf4 elementor-widget elementor-widget-image\" data-id=\"ad9fbf4\" data-element_type=\"widget\" data-widget_type=\"image.default\">\n\t\t\t\t<div class=\"elementor-widget-container\">\n\t\t\t\t\t\t\t\t<div class=\"elementor-image\">\n\t\t\t\t\t\t\t\t\t\t\t\t<img loading=\"lazy\" decoding=\"async\" width=\"300\" height=\"181\" src=\"https:\/\/albabike.com\/blog\/wp-content\/uploads\/2021\/02\/tienda-albabike-zaragoza-300x181.jpg\" class=\"attachment-medium size-medium\" alt=\"Ciclos Albacar expertos en ciclismo\" srcset=\"https:\/\/albabike.com\/blog\/wp-content\/uploads\/2021\/02\/tienda-albabike-zaragoza-300x181.jpg 300w, https:\/\/albabike.com\/blog\/wp-content\/uploads\/2021\/02\/tienda-albabike-zaragoza.jpg 582w\" sizes=\"auto, (max-width: 300px) 100vw, 300px\" \/>\t\t\t\t\t\t\t\t\t\t\t\t\t\t<\/div>\n\t\t\t\t\t\t<\/div>\n\t\t\t\t<\/div>\n\t\t\t\t\t\t<\/div>\n\t\t\t\t\t<\/div>\n\t\t<\/div>\n\t\t\t\t\t\t\t\t<\/div>\n\t\t\t\t\t<\/div>\n\t\t<\/section>\n\t\t\t\t<section class=\"elementor-section elementor-top-section elementor-element elementor-element-2c5bc55 elementor-section-boxed elementor-section-height-default elementor-section-height-default\" data-id=\"2c5bc55\" data-element_type=\"section\">\n\t\t\t\t\t\t<div class=\"elementor-container elementor-column-gap-default\">\n\t\t\t\t\t\t\t<div class=\"elementor-row\">\n\t\t\t\t\t<div class=\"elementor-column elementor-col-100 elementor-top-column elementor-element elementor-element-c4decad\" data-id=\"c4decad\" data-element_type=\"column\">\n\t\t\t<div class=\"elementor-column-wrap elementor-element-populated\">\n\t\t\t\t\t\t\t<div class=\"elementor-widget-wrap\">\n\t\t\t\t\t\t<div class=\"elementor-element elementor-element-6ea4b8f elementor-widget elementor-widget-spacer\" data-id=\"6ea4b8f\" data-element_type=\"widget\" data-widget_type=\"spacer.default\">\n\t\t\t\t<div class=\"elementor-widget-container\">\n\t\t\t\t\t<div class=\"elementor-spacer\">\n\t\t\t<div class=\"elementor-spacer-inner\"><\/div>\n\t\t<\/div>\n\t\t\t\t<\/div>\n\t\t\t\t<\/div>\n\t\t\t\t\t\t<\/div>\n\t\t\t\t\t<\/div>\n\t\t<\/div>\n\t\t\t\t\t\t\t\t<\/div>\n\t\t\t\t\t<\/div>\n\t\t<\/section>\n\t\t\t\t<section class=\"elementor-section elementor-top-section elementor-element elementor-element-45b1837 elementor-section-boxed elementor-section-height-default elementor-section-height-default\" data-id=\"45b1837\" data-element_type=\"section\">\n\t\t\t\t\t\t<div class=\"elementor-container elementor-column-gap-default\">\n\t\t\t\t\t\t\t<div class=\"elementor-row\">\n\t\t\t\t\t<div class=\"elementor-column elementor-col-100 elementor-top-column elementor-element elementor-element-006d228\" data-id=\"006d228\" data-element_type=\"column\">\n\t\t\t<div class=\"elementor-column-wrap elementor-element-populated\">\n\t\t\t\t\t\t\t<div class=\"elementor-widget-wrap\">\n\t\t\t\t\t\t<div class=\"elementor-element elementor-element-8068f58 elementor-widget elementor-widget-text-editor\" data-id=\"8068f58\" data-element_type=\"widget\" data-widget_type=\"text-editor.default\">\n\t\t\t\t<div class=\"elementor-widget-container\">\n\t\t\t\t\t\t\t\t<div class=\"elementor-text-editor elementor-clearfix\">\n\t\t\t\t\t<h3>Top marcas<\/h3><p><strong>Marcas de referencia como Specialized, Ghost, Revi\u00b4t, Ls2, Hjc , Acerbis, Tucano<\/strong><\/p><p>Ciclos Albacar, actualmente se dedica al sector de las dos ruedas, cuyo modelo de negocio se basa en el sector del motociclismo (boutique, tienda de recambios, y \u00e1rea al por mayor ) y venta de bicicletas, a ello le sumamos la reparaci\u00f3n y mantenimiento de bicicletas, venta de accesorios, repuestos, y equipamientos para su uso, buscando siempre una diferenciaci\u00f3n y especializaci\u00f3n, contando con las mejores marcas del mercado de ambos sectores.<\/p>\t\t\t\t\t<\/div>\n\t\t\t\t\t\t<\/div>\n\t\t\t\t<\/div>\n\t\t\t\t\t\t<\/div>\n\t\t\t\t\t<\/div>\n\t\t<\/div>\n\t\t\t\t\t\t\t\t<\/div>\n\t\t\t\t\t<\/div>\n\t\t<\/section>\n\t\t\t\t<section class=\"elementor-section elementor-top-section elementor-element elementor-element-3f22af0 elementor-section-boxed elementor-section-height-default elementor-section-height-default\" data-id=\"3f22af0\" data-element_type=\"section\">\n\t\t\t\t\t\t<div class=\"elementor-container elementor-column-gap-default\">\n\t\t\t\t\t\t\t<div class=\"elementor-row\">\n\t\t\t\t\t<div class=\"elementor-column elementor-col-100 elementor-top-column elementor-element elementor-element-3f97d4d\" data-id=\"3f97d4d\" data-element_type=\"column\">\n\t\t\t<div class=\"elementor-column-wrap elementor-element-populated\">\n\t\t\t\t\t\t\t<div class=\"elementor-widget-wrap\">\n\t\t\t\t\t\t<div class=\"elementor-element elementor-element-88fd162 elementor-widget elementor-widget-image\" data-id=\"88fd162\" data-element_type=\"widget\" data-widget_type=\"image.default\">\n\t\t\t\t<div class=\"elementor-widget-container\">\n\t\t\t\t\t\t\t\t<div class=\"elementor-image\">\n\t\t\t\t\t\t\t\t\t\t\t\t<img loading=\"lazy\" decoding=\"async\" width=\"300\" height=\"231\" src=\"https:\/\/albabike.com\/blog\/wp-content\/uploads\/2021\/02\/marcas_bicis_motos_albabike-300x231.jpg\" class=\"attachment-medium size-medium\" alt=\"\" srcset=\"https:\/\/albabike.com\/blog\/wp-content\/uploads\/2021\/02\/marcas_bicis_motos_albabike-300x231.jpg 300w, https:\/\/albabike.com\/blog\/wp-content\/uploads\/2021\/02\/marcas_bicis_motos_albabike.jpg 512w\" sizes=\"auto, (max-width: 300px) 100vw, 300px\" \/>\t\t\t\t\t\t\t\t\t\t\t\t\t\t<\/div>\n\t\t\t\t\t\t<\/div>\n\t\t\t\t<\/div>\n\t\t\t\t\t\t<\/div>\n\t\t\t\t\t<\/div>\n\t\t<\/div>\n\t\t\t\t\t\t\t\t<\/div>\n\t\t\t\t\t<\/div>\n\t\t<\/section>\n\t\t\t\t<section class=\"elementor-section elementor-top-section elementor-element elementor-element-2f6c56d elementor-section-boxed elementor-section-height-default elementor-section-height-default\" data-id=\"2f6c56d\" data-element_type=\"section\">\n\t\t\t\t\t\t<div class=\"elementor-container elementor-column-gap-default\">\n\t\t\t\t\t\t\t<div class=\"elementor-row\">\n\t\t\t\t\t<div class=\"elementor-column elementor-col-100 elementor-top-column elementor-element elementor-element-414701f\" data-id=\"414701f\" data-element_type=\"column\">\n\t\t\t<div class=\"elementor-column-wrap elementor-element-populated\">\n\t\t\t\t\t\t\t<div class=\"elementor-widget-wrap\">\n\t\t\t\t\t\t<div class=\"elementor-element elementor-element-3f646ca elementor-widget elementor-widget-spacer\" data-id=\"3f646ca\" data-element_type=\"widget\" data-widget_type=\"spacer.default\">\n\t\t\t\t<div class=\"elementor-widget-container\">\n\t\t\t\t\t<div class=\"elementor-spacer\">\n\t\t\t<div class=\"elementor-spacer-inner\"><\/div>\n\t\t<\/div>\n\t\t\t\t<\/div>\n\t\t\t\t<\/div>\n\t\t\t\t\t\t<\/div>\n\t\t\t\t\t<\/div>\n\t\t<\/div>\n\t\t\t\t\t\t\t\t<\/div>\n\t\t\t\t\t<\/div>\n\t\t<\/section>\n\t\t\t\t<section class=\"elementor-section elementor-top-section elementor-element elementor-element-d789295 elementor-section-boxed elementor-section-height-default elementor-section-height-default\" data-id=\"d789295\" data-element_type=\"section\">\n\t\t\t\t\t\t<div class=\"elementor-container elementor-column-gap-default\">\n\t\t\t\t\t\t\t<div class=\"elementor-row\">\n\t\t\t\t\t<div class=\"elementor-column elementor-col-100 elementor-top-column elementor-element elementor-element-3884cfa\" data-id=\"3884cfa\" data-element_type=\"column\">\n\t\t\t<div class=\"elementor-column-wrap elementor-element-populated\">\n\t\t\t\t\t\t\t<div class=\"elementor-widget-wrap\">\n\t\t\t\t\t\t<div class=\"elementor-element elementor-element-40af535 elementor-widget elementor-widget-text-editor\" data-id=\"40af535\" data-element_type=\"widget\" data-widget_type=\"text-editor.default\">\n\t\t\t\t<div class=\"elementor-widget-container\">\n\t\t\t\t\t\t\t\t<div class=\"elementor-text-editor elementor-clearfix\">\n\t\t\t\t\t<h3>+30.000 productos<\/h3><p><strong>Amplio cat\u00e1logo de productos que va desde las \u00faltimas bicicletas del mercado hasta los componentes m\u00e1s peque\u00f1os para tu moto o bici<\/strong><\/p><p>Contamos con una de las mayores exposiciones de cascos, ropa y accesorios para el motorista de toda la provincia. Ofreciendo a nuestros clientes las mejores marcas al mejor precio y con una atenci\u00f3n personalizada.<\/p>\t\t\t\t\t<\/div>\n\t\t\t\t\t\t<\/div>\n\t\t\t\t<\/div>\n\t\t\t\t\t\t<\/div>\n\t\t\t\t\t<\/div>\n\t\t<\/div>\n\t\t\t\t\t\t\t\t<\/div>\n\t\t\t\t\t<\/div>\n\t\t<\/section>\n\t\t\t\t<section class=\"elementor-section elementor-top-section elementor-element elementor-element-6677483 elementor-section-boxed elementor-section-height-default elementor-section-height-default\" data-id=\"6677483\" data-element_type=\"section\">\n\t\t\t\t\t\t<div class=\"elementor-container elementor-column-gap-default\">\n\t\t\t\t\t\t\t<div class=\"elementor-row\">\n\t\t\t\t\t<div class=\"elementor-column elementor-col-100 elementor-top-column elementor-element elementor-element-13ef4e6\" data-id=\"13ef4e6\" data-element_type=\"column\">\n\t\t\t<div class=\"elementor-column-wrap elementor-element-populated\">\n\t\t\t\t\t\t\t<div class=\"elementor-widget-wrap\">\n\t\t\t\t\t\t<div class=\"elementor-element elementor-element-47101c6 elementor-widget elementor-widget-image\" data-id=\"47101c6\" data-element_type=\"widget\" data-widget_type=\"image.default\">\n\t\t\t\t<div class=\"elementor-widget-container\">\n\t\t\t\t\t\t\t\t<div class=\"elementor-image\">\n\t\t\t\t\t\t\t\t\t\t\t\t<img loading=\"lazy\" decoding=\"async\" width=\"300\" height=\"225\" src=\"https:\/\/albabike.com\/blog\/wp-content\/uploads\/2021\/02\/cazadoras_cascos_tienda_albabike-300x225.jpg\" class=\"attachment-medium size-medium\" alt=\"\" srcset=\"https:\/\/albabike.com\/blog\/wp-content\/uploads\/2021\/02\/cazadoras_cascos_tienda_albabike-300x225.jpg 300w, https:\/\/albabike.com\/blog\/wp-content\/uploads\/2021\/02\/cazadoras_cascos_tienda_albabike-1024x768.jpg 1024w, https:\/\/albabike.com\/blog\/wp-content\/uploads\/2021\/02\/cazadoras_cascos_tienda_albabike-768x576.jpg 768w, https:\/\/albabike.com\/blog\/wp-content\/uploads\/2021\/02\/cazadoras_cascos_tienda_albabike.jpg 1080w\" sizes=\"auto, (max-width: 300px) 100vw, 300px\" \/>\t\t\t\t\t\t\t\t\t\t\t\t\t\t<\/div>\n\t\t\t\t\t\t<\/div>\n\t\t\t\t<\/div>\n\t\t\t\t\t\t<\/div>\n\t\t\t\t\t<\/div>\n\t\t<\/div>\n\t\t\t\t\t\t\t\t<\/div>\n\t\t\t\t\t<\/div>\n\t\t<\/section>\n\t\t\t\t<section class=\"elementor-section elementor-top-section elementor-element elementor-element-2f2ccf1 elementor-section-boxed elementor-section-height-default elementor-section-height-default\" data-id=\"2f2ccf1\" data-element_type=\"section\">\n\t\t\t\t\t\t<div class=\"elementor-container elementor-column-gap-default\">\n\t\t\t\t\t\t\t<div class=\"elementor-row\">\n\t\t\t\t\t<div class=\"elementor-column elementor-col-100 elementor-top-column elementor-element elementor-element-7153a58\" data-id=\"7153a58\" data-element_type=\"column\">\n\t\t\t<div class=\"elementor-column-wrap elementor-element-populated\">\n\t\t\t\t\t\t\t<div class=\"elementor-widget-wrap\">\n\t\t\t\t\t\t<div class=\"elementor-element elementor-element-a24987f elementor-widget elementor-widget-spacer\" data-id=\"a24987f\" data-element_type=\"widget\" data-widget_type=\"spacer.default\">\n\t\t\t\t<div class=\"elementor-widget-container\">\n\t\t\t\t\t<div class=\"elementor-spacer\">\n\t\t\t<div class=\"elementor-spacer-inner\"><\/div>\n\t\t<\/div>\n\t\t\t\t<\/div>\n\t\t\t\t<\/div>\n\t\t\t\t\t\t<\/div>\n\t\t\t\t\t<\/div>\n\t\t<\/div>\n\t\t\t\t\t\t\t\t<\/div>\n\t\t\t\t\t<\/div>\n\t\t<\/section>\n\t\t\t\t<section class=\"elementor-section elementor-top-section elementor-element elementor-element-4b3ebd3 elementor-section-boxed elementor-section-height-default elementor-section-height-default\" data-id=\"4b3ebd3\" data-element_type=\"section\">\n\t\t\t\t\t\t<div class=\"elementor-container elementor-column-gap-default\">\n\t\t\t\t\t\t\t<div class=\"elementor-row\">\n\t\t\t\t\t<div class=\"elementor-column elementor-col-100 elementor-top-column elementor-element elementor-element-72b6753\" data-id=\"72b6753\" data-element_type=\"column\">\n\t\t\t<div class=\"elementor-column-wrap elementor-element-populated\">\n\t\t\t\t\t\t\t<div class=\"elementor-widget-wrap\">\n\t\t\t\t\t\t<div class=\"elementor-element elementor-element-3b35200 elementor-widget elementor-widget-text-editor\" data-id=\"3b35200\" data-element_type=\"widget\" data-widget_type=\"text-editor.default\">\n\t\t\t\t<div class=\"elementor-widget-container\">\n\t\t\t\t\t\t\t\t<div class=\"elementor-text-editor elementor-clearfix\">\n\t\t\t\t\t<h3>Nuestra historia<\/h3><p><strong>Especializados en las dos ruedas desde 1940.<\/strong><\/p><p>Ciclos Albacar S.L fue fundada en 1940 de la mano de F\u00e9lix Albacar, en la localidad zaragozana de Caspe. En 1949 la empresa se traslada a la capital, su primera ubicaci\u00f3n es la Gran V\u00eda.<\/p><p>En la primavera de 1955 un nuevo traslado la sit\u00faa en su emplazamiento actual Conde de Aranda 132.<\/p><p>A partir del a\u00f1o 1977, el comercio es dirigido por D. Jes\u00fas Laita Ezquerra, que fue el verdadero art\u00edfice del crecimiento de la empresa.<\/p><p>Tras la muerte de D. Jes\u00fas en 1993, la empresa es dirigida por D. Enrique Tejero Alonso.<\/p><p>A partir del mes de marzo de 2002, la divisi\u00f3n de moto se traslad\u00f3 a unas amplias instalaciones ubicadas en el pol\u00edgono \u00abMolino del Pilar\u00bb, dejando los locales de Conde de Aranda y Boggiero para la divisi\u00f3n de ciclismo.<\/p><p>En marzo de 2016, las instalaciones de Conde Aranda quedan reformadas con una imagen totalmente moderna, con una amplia exposici\u00f3n tanto de boutique, recambio y bicicletas, pudiendo apreciar mucho mejor las caracter\u00edsticas de los productos.<\/p><p>En diciembre del 2018 reformamos la boutique de motos ampliando sus instalaciones que ahora cuenta con un espacio de tienda de exposici\u00f3n de 500m2.<\/p>\t\t\t\t\t<\/div>\n\t\t\t\t\t\t<\/div>\n\t\t\t\t<\/div>\n\t\t\t\t\t\t<\/div>\n\t\t\t\t\t<\/div>\n\t\t<\/div>\n\t\t\t\t\t\t\t\t<\/div>\n\t\t\t\t\t<\/div>\n\t\t<\/section>\n\t\t\t\t\t\t<\/div>\n\t\t\t\t\t\t<\/div>\n\t\t\t\t\t<\/div>\n\t\t","protected":false},"excerpt":{"rendered":"<p>Nuestra empresa Profesionalidad y cercan\u00eda Expertos en ciclismo La mejor opci\u00f3n para comprar material de ciclismo Ciclos Albacar se encuentra en la ciudad de Zaragoza, y posee una distribuci\u00f3n a&#8230;<\/p>\n","protected":false},"author":2,"featured_media":0,"parent":0,"menu_order":0,"comment_status":"closed","ping_status":"closed","template":"","meta":{"footnotes":""},"class_list":["post-221","page","type-page","status-publish","hentry"],"yoast_head":"<!-- This site is optimized with the Yoast SEO plugin v19.6.1 - https:\/\/yoast.com\/wordpress\/plugins\/seo\/ -->\n<title>Nuestra Empresa - Albabike Blog<\/title>\n<meta name=\"robots\" content=\"index, follow, max-snippet:-1, max-image-preview:large, max-video-preview:-1\" \/>\n<link rel=\"canonical\" href=\"https:\/\/albabike.com\/blog\/nuestra-empresa\/\" \/>\n<meta property=\"og:locale\" content=\"es_ES\" \/>\n<meta property=\"og:type\" content=\"article\" \/>\n<meta property=\"og:title\" content=\"Nuestra Empresa - Albabike Blog\" \/>\n<meta property=\"og:description\" content=\"Nuestra empresa Profesionalidad y cercan\u00eda Expertos en ciclismo La mejor opci\u00f3n para comprar material de ciclismo Ciclos Albacar se encuentra en la ciudad de Zaragoza, y posee una distribuci\u00f3n a...\" \/>\n<meta property=\"og:url\" content=\"https:\/\/albabike.com\/blog\/nuestra-empresa\/\" \/>\n<meta property=\"og:site_name\" content=\"Albabike Blog\" \/>\n<meta property=\"article:modified_time\" content=\"2021-02-01T08:27:00+00:00\" \/>\n<meta property=\"og:image\" content=\"https:\/\/albabike.com\/blog\/wp-content\/uploads\/2021\/02\/tienda-albabike-zaragoza-300x181.jpg\" \/>\n<meta name=\"twitter:card\" content=\"summary_large_image\" \/>\n<meta name=\"twitter:label1\" content=\"Tiempo de lectura\" \/>\n\t<meta name=\"twitter:data1\" content=\"2 minutos\" \/>\n<script type=\"application\/ld+json\" class=\"yoast-schema-graph\">{\"@context\":\"https:\/\/schema.org\",\"@graph\":[{\"@type\":\"WebPage\",\"@id\":\"https:\/\/albabike.com\/blog\/nuestra-empresa\/\",\"url\":\"https:\/\/albabike.com\/blog\/nuestra-empresa\/\",\"name\":\"Nuestra Empresa - Albabike Blog\",\"isPartOf\":{\"@id\":\"https:\/\/albabike.com\/blog\/#website\"},\"datePublished\":\"2021-01-28T11:39:15+00:00\",\"dateModified\":\"2021-02-01T08:27:00+00:00\",\"breadcrumb\":{\"@id\":\"https:\/\/albabike.com\/blog\/nuestra-empresa\/#breadcrumb\"},\"inLanguage\":\"es\",\"potentialAction\":[{\"@type\":\"ReadAction\",\"target\":[\"https:\/\/albabike.com\/blog\/nuestra-empresa\/\"]}]},{\"@type\":\"BreadcrumbList\",\"@id\":\"https:\/\/albabike.com\/blog\/nuestra-empresa\/#breadcrumb\",\"itemListElement\":[{\"@type\":\"ListItem\",\"position\":1,\"name\":\"Portada\",\"item\":\"https:\/\/albabike.com\/blog\/\"},{\"@type\":\"ListItem\",\"position\":2,\"name\":\"Nuestra Empresa\"}]},{\"@type\":\"WebSite\",\"@id\":\"https:\/\/albabike.com\/blog\/#website\",\"url\":\"https:\/\/albabike.com\/blog\/\",\"name\":\"Albabike Blog\",\"description\":\"Blog sobre ciclismo y motociclismo. Informaci\u00f3n, consejos, noticias y reportajes sobre los mejores art\u00edculos y accesorios de bicis y motos del mercado.\",\"potentialAction\":[{\"@type\":\"SearchAction\",\"target\":{\"@type\":\"EntryPoint\",\"urlTemplate\":\"https:\/\/albabike.com\/blog\/?s={search_term_string}\"},\"query-input\":\"required name=search_term_string\"}],\"inLanguage\":\"es\"}]}<\/script>\n<!-- \/ Yoast SEO plugin. -->","yoast_head_json":{"title":"Nuestra Empresa - Albabike Blog","robots":{"index":"index","follow":"follow","max-snippet":"max-snippet:-1","max-image-preview":"max-image-preview:large","max-video-preview":"max-video-preview:-1"},"canonical":"https:\/\/albabike.com\/blog\/nuestra-empresa\/","og_locale":"es_ES","og_type":"article","og_title":"Nuestra Empresa - Albabike Blog","og_description":"Nuestra empresa Profesionalidad y cercan\u00eda Expertos en ciclismo La mejor opci\u00f3n para comprar material de ciclismo Ciclos Albacar se encuentra en la ciudad de Zaragoza, y posee una distribuci\u00f3n a...","og_url":"https:\/\/albabike.com\/blog\/nuestra-empresa\/","og_site_name":"Albabike Blog","article_modified_time":"2021-02-01T08:27:00+00:00","og_image":[{"url":"https:\/\/albabike.com\/blog\/wp-content\/uploads\/2021\/02\/tienda-albabike-zaragoza-300x181.jpg"}],"twitter_card":"summary_large_image","twitter_misc":{"Tiempo de lectura":"2 minutos"},"schema":{"@context":"https:\/\/schema.org","@graph":[{"@type":"WebPage","@id":"https:\/\/albabike.com\/blog\/nuestra-empresa\/","url":"https:\/\/albabike.com\/blog\/nuestra-empresa\/","name":"Nuestra Empresa - Albabike Blog","isPartOf":{"@id":"https:\/\/albabike.com\/blog\/#website"},"datePublished":"2021-01-28T11:39:15+00:00","dateModified":"2021-02-01T08:27:00+00:00","breadcrumb":{"@id":"https:\/\/albabike.com\/blog\/nuestra-empresa\/#breadcrumb"},"inLanguage":"es","potentialAction":[{"@type":"ReadAction","target":["https:\/\/albabike.com\/blog\/nuestra-empresa\/"]}]},{"@type":"BreadcrumbList","@id":"https:\/\/albabike.com\/blog\/nuestra-empresa\/#breadcrumb","itemListElement":[{"@type":"ListItem","position":1,"name":"Portada","item":"https:\/\/albabike.com\/blog\/"},{"@type":"ListItem","position":2,"name":"Nuestra Empresa"}]},{"@type":"WebSite","@id":"https:\/\/albabike.com\/blog\/#website","url":"https:\/\/albabike.com\/blog\/","name":"Albabike Blog","description":"Blog sobre ciclismo y motociclismo. Informaci\u00f3n, consejos, noticias y reportajes sobre los mejores art\u00edculos y accesorios de bicis y motos del mercado.","potentialAction":[{"@type":"SearchAction","target":{"@type":"EntryPoint","urlTemplate":"https:\/\/albabike.com\/blog\/?s={search_term_string}"},"query-input":"required name=search_term_string"}],"inLanguage":"es"}]}},"_links":{"self":[{"href":"https:\/\/albabike.com\/blog\/wp-json\/wp\/v2\/pages\/221","targetHints":{"allow":["GET"]}}],"collection":[{"href":"https:\/\/albabike.com\/blog\/wp-json\/wp\/v2\/pages"}],"about":[{"href":"https:\/\/albabike.com\/blog\/wp-json\/wp\/v2\/types\/page"}],"author":[{"embeddable":true,"href":"https:\/\/albabike.com\/blog\/wp-json\/wp\/v2\/users\/2"}],"replies":[{"embeddable":true,"href":"https:\/\/albabike.com\/blog\/wp-json\/wp\/v2\/comments?post=221"}],"version-history":[{"count":13,"href":"https:\/\/albabike.com\/blog\/wp-json\/wp\/v2\/pages\/221\/revisions"}],"predecessor-version":[{"id":243,"href":"https:\/\/albabike.com\/blog\/wp-json\/wp\/v2\/pages\/221\/revisions\/243"}],"wp:attachment":[{"href":"https:\/\/albabike.com\/blog\/wp-json\/wp\/v2\/media?parent=221"}],"curies":[{"name":"wp","href":"https:\/\/api.w.org\/{rel}","templated":true}]}}