{"id":528,"date":"2021-02-10T09:23:37","date_gmt":"2021-02-10T08:23:37","guid":{"rendered":"https:\/\/albabike.com\/blog\/?page_id=528"},"modified":"2021-02-10T09:58:24","modified_gmt":"2021-02-10T08:58:24","slug":"politica-cookies","status":"publish","type":"page","link":"https:\/\/albabike.com\/blog\/politica-cookies\/","title":{"rendered":"Pol\u00edtica de cookies"},"content":{"rendered":"\t\t<div data-elementor-type=\"wp-page\" data-elementor-id=\"528\" class=\"elementor elementor-528\" data-elementor-settings=\"[]\">\n\t\t\t\t\t\t<div class=\"elementor-inner\">\n\t\t\t\t\t\t\t<div class=\"elementor-section-wrap\">\n\t\t\t\t\t\t\t<section class=\"elementor-section elementor-top-section elementor-element elementor-element-dbd8ff3 elementor-section-boxed elementor-section-height-default elementor-section-height-default\" data-id=\"dbd8ff3\" data-element_type=\"section\">\n\t\t\t\t\t\t<div class=\"elementor-container elementor-column-gap-default\">\n\t\t\t\t\t\t\t<div class=\"elementor-row\">\n\t\t\t\t\t<div class=\"elementor-column elementor-col-100 elementor-top-column elementor-element elementor-element-7e8f865\" data-id=\"7e8f865\" data-element_type=\"column\">\n\t\t\t<div class=\"elementor-column-wrap elementor-element-populated\">\n\t\t\t\t\t\t\t<div class=\"elementor-widget-wrap\">\n\t\t\t\t\t\t<div class=\"elementor-element elementor-element-a345860 elementor-widget elementor-widget-heading\" data-id=\"a345860\" data-element_type=\"widget\" data-widget_type=\"heading.default\">\n\t\t\t\t<div class=\"elementor-widget-container\">\n\t\t\t<h3 class=\"elementor-heading-title elementor-size-default\">POL\u00cdTICA DE COOKIES<\/h3>\t\t<\/div>\n\t\t\t\t<\/div>\n\t\t\t\t\t\t<\/div>\n\t\t\t\t\t<\/div>\n\t\t<\/div>\n\t\t\t\t\t\t\t\t<\/div>\n\t\t\t\t\t<\/div>\n\t\t<\/section>\n\t\t\t\t<section class=\"elementor-section elementor-top-section elementor-element elementor-element-cb63fe4 elementor-section-boxed elementor-section-height-default elementor-section-height-default\" data-id=\"cb63fe4\" data-element_type=\"section\">\n\t\t\t\t\t\t<div class=\"elementor-container elementor-column-gap-default\">\n\t\t\t\t\t\t\t<div class=\"elementor-row\">\n\t\t\t\t\t<div class=\"elementor-column elementor-col-100 elementor-top-column elementor-element elementor-element-8a86ec1\" data-id=\"8a86ec1\" data-element_type=\"column\">\n\t\t\t<div class=\"elementor-column-wrap elementor-element-populated\">\n\t\t\t\t\t\t\t<div class=\"elementor-widget-wrap\">\n\t\t\t\t\t\t<div class=\"elementor-element elementor-element-a2a5d1c elementor-widget elementor-widget-spacer\" data-id=\"a2a5d1c\" data-element_type=\"widget\" data-widget_type=\"spacer.default\">\n\t\t\t\t<div class=\"elementor-widget-container\">\n\t\t\t\t\t<div class=\"elementor-spacer\">\n\t\t\t<div class=\"elementor-spacer-inner\"><\/div>\n\t\t<\/div>\n\t\t\t\t<\/div>\n\t\t\t\t<\/div>\n\t\t\t\t\t\t<\/div>\n\t\t\t\t\t<\/div>\n\t\t<\/div>\n\t\t\t\t\t\t\t\t<\/div>\n\t\t\t\t\t<\/div>\n\t\t<\/section>\n\t\t\t\t<section class=\"elementor-section elementor-top-section elementor-element elementor-element-ea1d925 elementor-section-boxed elementor-section-height-default elementor-section-height-default\" data-id=\"ea1d925\" data-element_type=\"section\">\n\t\t\t\t\t\t<div class=\"elementor-container elementor-column-gap-default\">\n\t\t\t\t\t\t\t<div class=\"elementor-row\">\n\t\t\t\t\t<div class=\"elementor-column elementor-col-100 elementor-top-column elementor-element elementor-element-950ed2d\" data-id=\"950ed2d\" data-element_type=\"column\">\n\t\t\t<div class=\"elementor-column-wrap elementor-element-populated\">\n\t\t\t\t\t\t\t<div class=\"elementor-widget-wrap\">\n\t\t\t\t\t\t<div class=\"elementor-element elementor-element-241b92b elementor-widget elementor-widget-text-editor\" data-id=\"241b92b\" data-element_type=\"widget\" data-widget_type=\"text-editor.default\">\n\t\t\t\t<div class=\"elementor-widget-container\">\n\t\t\t\t\t\t\t\t<div class=\"elementor-text-editor elementor-clearfix\">\n\t\t\t\t\t<ul id=\"aviso-legal\"><li><span class=\"titulo_categoria\">INFORMACI\u00d3N SOBRE COOKIES<\/span><p>Debido a la entrada en vigor de la referente modificaci\u00f3n de la \u00abLey de Servicios de la Sociedad de la Informaci\u00f3n\u00bb (LSSICE) establecida por el Real Decreto 13\/2012, es de obligaci\u00f3n obtener el consentimiento expreso del usuario de todas las p\u00e1ginas web que usan cookies prescindibles, antes de que este navegue por ellas.<\/p><\/li><li><span class=\"titulo_categoria\">\u00bfQU\u00c9 SON LAS COOKIES?<\/span><p>Las\u00a0cookies\u00a0y otras tecnolog\u00edas similares tales como local shared objects, flash\u00a0cookies\u00a0o p\u00edxeles, son herramientas empleadas por los servidores Web para almacenar y recuperar informaci\u00f3n acerca de sus visitantes, as\u00ed como para ofrecer un correcto funcionamiento del sitio.<\/p><p>Mediante el uso de estos dispositivos se permite al servidor Web recordar algunos datos concernientes al usuario, como sus preferencias para la visualizaci\u00f3n de las p\u00e1ginas de ese servidor, nombre y contrase\u00f1a, productos que m\u00e1s le interesan, etc.<\/p><\/li><li><span class=\"titulo_categoria\">COOKIES\u00a0AFECTADAS POR LA NORMATIVA Y COOKIES EXCEPTUADAS<\/span><p>Seg\u00fan la directiva de la UE, las cookies que requieren el consentimiento informado por parte del usuario son las\u00a0cookies\u00a0de anal\u00edtica y las de publicidad y afiliaci\u00f3n, quedando exceptuadas las de car\u00e1cter t\u00e9cnico y las necesarias para el funcionamiento del sitio web o la prestaci\u00f3n de servicios expresamente solicitados por el usuario.<\/p><\/li><li><span class=\"titulo_categoria\">TIPOS DE COOKIES<\/span><br \/><span class=\"subtitulo_categoria\">SEG\u00daN LA FINALIDAD<\/span><ul><li><b><em>Cookies<\/em>\u00a0t\u00e9cnicas y funcionales:<\/b>\u00a0son aquellas que permiten al usuario la navegaci\u00f3n a trav\u00e9s de una p\u00e1gina web, plataforma o aplicaci\u00f3n y la utilizaci\u00f3n de las diferentes opciones o servicios que en ella existan.<\/li><li><b><em>Cookies<\/em>\u00a0anal\u00edticas:<\/b>\u00a0son aquellas que permiten al responsable de las mismas el seguimiento y an\u00e1lisis del comportamiento de los usuarios de los sitios web a los que est\u00e1n vinculadas. La informaci\u00f3n recogida mediante este tipo de cookies se utiliza en la medici\u00f3n de la actividad de los sitios web, aplicaci\u00f3n o plataforma y para la elaboraci\u00f3n de perfiles de navegaci\u00f3n de los usuarios de dichos sitios, aplicaciones y plataformas, con el fin de introducir mejoras en funci\u00f3n del an\u00e1lisis de los datos de uso que hacen los usuarios del servicio.<\/li><li><b><em>Cookies<\/em>\u00a0publicitarias:<\/b>\u00a0son aquellas que permiten la gesti\u00f3n, de la forma m\u00e1s eficaz posible, de los espacios publicitarios que, en su caso, el editor haya incluido en una p\u00e1gina web, aplicaci\u00f3n o plataforma desde la que presta el servicio solicitado en base a criterios como el contenido editado o la frecuencia en la que se muestran los anuncios.<\/li><li><b><em>Cookies<\/em>\u00a0de publicidad comportamental:<\/b>\u00a0recogen informaci\u00f3n sobre las preferencias y elecciones personales del usuario (retargeting) para permitir la gesti\u00f3n, de la forma m\u00e1s eficaz posible, de los espacios publicitarios que, en su caso, el editor haya incluido en una p\u00e1gina web, aplicaci\u00f3n o plataforma desde la que presta el servicio solicitado.<\/li><li><b><em>Cookies<\/em>\u00a0sociales:<\/b>\u00a0son establecidas por las plataformas de redes sociales en los servicios para permitirle compartir contenido con sus amigos y redes. Las plataformas de medios sociales tienen la capacidad de rastrear su actividad en l\u00ednea fuera de los Servicios. Esto puede afectar al contenido y los mensajes que ve en otros servicios que visita.<\/li><li><b><em>Cookies<\/em>\u00a0de afiliados:<\/b>\u00a0permiten hacer un seguimiento de las visitas procedentes de otras webs, con las que el sitio web establece un contrato de afiliaci\u00f3n (empresas de afiliaci\u00f3n).<\/li><li><b><em>Cookies<\/em>\u00a0de seguridad:<\/b>\u00a0almacenan informaci\u00f3n cifrada para evitar que los datos guardados en ellas sean vulnerables a ataques maliciosos de terceros.<\/li><\/ul><p><span class=\"subtitulo_categoria\">SEG\u00daN LA FINALIDAD<\/span><\/p><ul><li><b><em>Cookies<\/em>\u00a0propias:<\/b>\u00a0son aquellas que se env\u00edan al equipo terminal del usuario desde un equipo o dominio gestionado por el propio editor y desde el que se presta el servicio solicitado por el usuario.<\/li><li><b><em>Cookies<\/em>\u00a0de terceros:<\/b>\u00a0son aquellas que se env\u00edan al equipo terminal del usuario desde un equipo o dominio que no es gestionado por el editor, sino por otra entidad que trata los datos obtenidos trav\u00e9s de las cookies.<\/li><\/ul><p><span class=\"subtitulo_categoria\">SEG\u00daN EL PLAZO DE CONSERVACI\u00d3N<\/span><\/p><ul><li><b><em>Cookies<\/em>\u00a0de sesi\u00f3n:<\/b>\u00a0son un tipo de\u00a0cookies\u00a0dise\u00f1adas para recabar y almacenar datos mientras el usuario accede a una p\u00e1gina web.<\/li><li><b><em>Cookies<\/em>\u00a0persistentes:<\/b>\u00a0son un tipo de cookies en el que los datos siguen almacenados en el terminal y pueden ser accedidos y tratados durante un per\u00edodo definido por el responsable de la\u00a0cookie, y que puede ir de unos minutos a varios a\u00f1os.<\/li><\/ul><\/li><li><span class=\"titulo_categoria\">TRATAMIENTO DE DATOS PERSONALES<\/span><p>CICLOS ALBACAR S.L. es el\u00a0<strong>Responsable del tratamiento<\/strong>\u00a0de los datos personales del\u00a0<strong>Interesado<\/strong>\u00a0y le informa de que estos datos ser\u00e1n tratados de conformidad con lo dispuesto en el Reglamento (UE) 2016\/679, de 27 de abril de 2016 (GDPR), por lo que se le facilita la siguiente informaci\u00f3n del tratamiento:<\/p><ul><li><b>Fines del tratamiento:<\/b>\u00a0seg\u00fan se especifica en el apartado de cookies que se utilizan en este sitio web.<\/li><li><b>Legitimaci\u00f3n del tratamiento:<\/b>\u00a0por consentimiento del interesado (art. 6.1 GDPR).<\/li><li><b>Criterios de conservaci\u00f3n de los datos:<\/b>\u00a0seg\u00fan se especifica en el apartado de cookies utilizadas en la web.<\/li><li><b>Comunicaci\u00f3n de los datos:<\/b>\u00a0no se comunicar\u00e1n los datos a terceros, excepto en cookies propiedad de terceros o por obligaci\u00f3n legal.<\/li><li><b>Derechos que asisten al Interesado:<\/b><ul><li>Derecho a retirar el consentimiento en cualquier momento.<\/li><li>Derecho de acceso, rectificaci\u00f3n, portabilidad y supresi\u00f3n de sus datos, y de limitaci\u00f3n u oposici\u00f3n a su tratamiento.<\/li><li>Derecho a presentar una reclamaci\u00f3n ante la Autoridad de control (www.aepd.es) si considera que el tratamiento no se ajusta a la normativa vigente.<\/li><\/ul><\/li><li><b>Datos de contacto para ejercer sus derechos<\/b>\u00a0CICLOS ALBACAR S.L.. C\/ Charles Sauria, S\/N NAVES 19-20 &#8211; 50015 ZARAGOZA (Zaragoza). E-mail: pedidos@albabike.com<\/li><\/ul><\/li><\/ul><p><strong>COOKIES UTILIZADAS EN ESTE SITIO WEB<\/strong><\/p><table border=\"1\"><tbody><tr><th colspan=\"5\"><b>COOKIES CONTROLADAS POR EL EDITOR<\/b><\/th><\/tr><tr><th>COOKIE<\/th><th>TIPO<\/th><th>DURACION<\/th><th>TITULARIDAD<\/th><th>DEFINICION<\/th><\/tr><tr><td>50611aebd1c5abb315ba70ce0ff2bb16<\/td><td>Propia<\/td><td>20 d\u00edas<\/td><td>.albabike.com<\/td><td>Cookie propia que permite la identificaci\u00f3n de los usuarios registrados, facilitando el proceso de compra.<\/td><\/tr><tr><td>__zlcmid<\/td><td>T\u00e9cnica<\/td><td>De Sesi\u00f3n<\/td><td>.albabike.com<\/td><td>Estas cookies son utilizadas por la herramienta ZOPIM para permitir chatear en directo con la atenci\u00f3n al cliente.<\/td><\/tr><tr><td>e2f76166f1e14c65769de5b5cc667e12<\/td><td>Propia<\/td><td>20 d\u00edas<\/td><td>.albabike.com<\/td><td>Cookie propia que permite la identificaci\u00f3n de los usuarios registrados, facilitando el proceso de compra.<\/td><\/tr><tr><td>PHPSESSID<\/td><td>T\u00e9cnica<\/td><td>De Sesi\u00f3n<\/td><td>albabike.com<\/td><td>Esta cookie es nativa de PHP y permite a la web guardar datos serializados de estado. En esta web se usa para establecer sesiones de usuario pasando datos de estado a trav\u00e9s de una cookie temporal tambi\u00e9n conocida como Cookie de sesi\u00f3n.<\/td><\/tr><tr><td>showModalCiclosAlbacarOnlyOnce4<\/td><td>Propia<\/td><td>30 minutos<\/td><td>albabike.com<\/td><td>Esta cookie se guarda cuando se cierra la ventana emergente de la newsletter.<\/td><\/tr><tr><td>pd_cc<\/td><td>T\u00e9cnica<\/td><td>De Sesi\u00f3n<\/td><td>albabike.com<\/td><td>Cookie necesaria para la utilizaci\u00f3n de las opciones y servicios del sitio web<\/td><\/tr><tr><th colspan=\"4\">Anal\u00edticas<\/th><\/tr><tr><td>albabike.com<\/td><td>_gat<\/td><td>Se utiliza para monitorizar el n\u00famero de peticiones al servidor de Google Analytics cuando se utiliza el Administrador de etiquetas Google.<\/td><td>De sesi\u00f3n<\/td><\/tr><tr><td>.google.com<\/td><td>CGIC<\/td><td>Cookie utilizada para activar las funcionalidades de Google<\/td><td>6 meses<\/td><\/tr><tr><td>.google.com<\/td><td>CGIC<\/td><td>Cookie utilizada para activar las funcionalidades de Google<\/td><td>6 meses<\/td><\/tr><tr><td>.google.com<\/td><td>CONSENT<\/td><td>Cookie utilizada para recordar la aceptaci\u00f3n de la pol\u00edtica de cookies<\/td><td>19 a\u00f1os<\/td><\/tr><tr><td>.google.com<\/td><td>NID<\/td><td>Cookie utilizada para recordar las preferencias del usuario<\/td><td>6 meses<\/td><\/tr><\/tbody><\/table><p>?????????????????????????????????<\/p><p><strong>COOKIES DE TERCEROS<\/strong><\/p><p>Los servicios de terceros son ajenos al control del editor. Los proveedores pueden modificar en todo momento sus condiciones de servicio, finalidad y utilizaci\u00f3n de las cookies, etc.<\/p><p><b>Proveedores externos de este sitio web:<\/b><\/p><table border=\"1\"><tbody><tr><th>Editor<\/th><th>Pol\u00edtica de privacidad<\/th><\/tr><tr><td>Google Analytics<\/td><td><a href=\"https:\/\/privacy.google.com\/take-control.html\" target=\"_blank\" rel=\"noopener\">https:\/\/privacy.google.com\/take-control.html<\/a><\/td><\/tr><\/tbody><\/table><p>?????????????????????????????????<\/p><p><b>PANEL DE CONFIGURACI\u00d3N DE COOKIES<\/b><\/p><p>Desde este panel podr\u00e1 configurar las cookies que el sitio web puede instalar en su navegador, excepto las cookies t\u00e9cnicas o funcionales que son necesarias para la navegaci\u00f3n y la utilizaci\u00f3n de las diferentes opciones o servicios que se ofrecen.<\/p><p><a class=\"pdcc-open-modal\" href=\"https:\/\/b2c.albabike.com\/politica-cookies.html#\">Acceso al panel<\/a><\/p><table border=\"1\"><tbody><tr><th colspan=\"2\">C\u00d3MO GESTIONAR LAS COOKIES DESDE EL NAVEGADOR<\/th><\/tr><tr><td>Eliminar las cookies del dispositivo<\/td><td>Las cookies que ya est\u00e1n en un dispositivo se pueden eliminar borrando el historial del navegador, con lo que se suprimen las cookies de todos los sitios web visitados. Sin embargo, tambi\u00e9n se puede perder parte de la informaci\u00f3n guardada (por ejemplo, los datos de inicio de sesi\u00f3n o las preferencias de sitio web).<\/td><\/tr><tr><td>Gestionar las cookies espec\u00edficas del sitio<\/td><td>Para tener un control m\u00e1s preciso de las cookies espec\u00edficas de cada sitio, los usuarios pueden ajustar su configuraci\u00f3n de privacidad y cookies en el navegador.<\/td><\/tr><tr><td>Bloquear las cookies<\/td><td>Aunque la mayor\u00eda de los navegadores modernos se pueden configurar para evitar que se instalen cookies en los dispositivos, eso puede obligar al ajuste manual de determinadas preferencias cada vez que se visite un sitio o p\u00e1gina. Adem\u00e1s, algunos servicios y caracter\u00edsticas pueden no funcionar correctamente (por ejemplo, los inicios de sesi\u00f3n con perfil).<\/td><\/tr><tr><th colspan=\"2\">C\u00d3MO ELIMINAR LAS COOKIES DE LOS NAVEGADORES M\u00c1S COMUNES<\/th><\/tr><tr><td>Chrome<\/td><td><a href=\"http:\/\/support.google.com\/chrome\/answer\/95647?hl=es\" target=\"_blank\" rel=\"noopener\">http:\/\/support.google.com\/chrome\/answer\/95647?hl=es<\/a><\/td><\/tr><tr><td>Internet Explorer. Versi\u00f3n 11<\/td><td><a href=\"https:\/\/support.microsoft.com\/es-es\/help\/278835\/how-to-delete-cookie-files-in-internet-explorer\" target=\"_blank\" rel=\"noopener\">https:\/\/support.microsoft.com\/es-es\/help\/278835\/how-to-delete-cookie-files-in-internet-explorer<\/a><\/td><\/tr><tr><td>Firefox. Versi\u00f3n 65.0.1<\/td><td><a href=\"https:\/\/www.mozilla.org\/es-ES\/privacy\/websites\/#cookies\" target=\"_blank\" rel=\"noopener\">https:\/\/www.mozilla.org\/es-ES\/privacy\/websites\/#cookies<\/a><\/td><\/tr><tr><td>Safari Versi\u00f3n 5.1<\/td><td><a href=\"https:\/\/support.apple.com\/es-es\/guide\/safari\/sfri11471\/mac\" target=\"_blank\" rel=\"noopener\">https:\/\/support.apple.com\/es-es\/guide\/safari\/sfri11471\/mac<\/a><\/td><\/tr><tr><td>Opera<\/td><td><a href=\"https:\/\/help.opera.com\/en\/latest\/security-and-privacy\/#clearBrowsingData\" target=\"_blank\" rel=\"noopener\">https:\/\/help.opera.com\/en\/latest\/security-and-privacy\/#clearBrowsingData<\/a><\/td><\/tr><\/tbody><\/table><p><b>Identificaci\u00f3n de las Cookies: Lea y conozca las Pol\u00edticas de Cookies de las tecnolog\u00edas que utilizamos para nuestra marca en internet:<\/b><\/p><p><b>Cookies de Facebook<\/b><\/p><p><a href=\"https:\/\/es-es.facebook.com\/policies\/cookies\/\" target=\"_blank\" rel=\"noopener\">https:\/\/es-es.facebook.com\/policies\/cookies\/<\/a><\/p><p>\u00abFacebook: almacenamos informaci\u00f3n en una cookie que se almacena en tu navegador o dispositivo para que veas el sitio web en tu idioma de preferencia durante dos a\u00f1os\u00bb.<\/p><p>Lea las cookies y conozca las cookies directamente cuando usted se hace seguidor de nuestra marca en las redes sociales: Facebook, Instagram.<\/p><p><b>Cookies de Instagram<\/b><\/p><p><a href=\"https:\/\/help.instagram.com\/1896641480634370?ref=ig\" target=\"_blank\" rel=\"noopener\">https:\/\/help.instagram.com\/1896641480634370?ref=ig<\/a><\/p><p><b>Cookies de Twitter<\/b><\/p><p><a href=\"https:\/\/help.twitter.com\/es\/rules-and-policies\/twitter-cookies\" target=\"_blank\" rel=\"noopener\">https:\/\/help.twitter.com\/es\/rules-and-policies\/twitter-cookies<\/a><\/p><p><b>Cookies de Linkedin<\/b><\/p><p><a href=\"https:\/\/es.linkedin.com\/legal\/cookie-policy\" target=\"_blank\" rel=\"noopener\">https:\/\/es.linkedin.com\/legal\/cookie-policy<\/a><\/p><p><b>Cookies de Google: (Google My Business, Posicionamiento SEO, Google Adwords, Google Analytic)<\/b><\/p><p><a href=\"https:\/\/policies.google.com\/technologies\/cookies?hl=es\" target=\"_blank\" rel=\"noopener\">https:\/\/policies.google.com\/technologies\/cookies?hl=es<\/a><\/p><p><a href=\"https:\/\/support.google.com\/business\/answer\/7391006?hl=es\">https:\/\/support.google.com\/business\/answer\/7391006?hl=es<\/a><\/p><p><a href=\"https:\/\/policies.google.com\/technologies\/types?hl=es\" target=\"_blank\" rel=\"noopener\">https:\/\/policies.google.com\/technologies\/types?hl=es<\/a><\/p><p><a href=\"https:\/\/support.google.com\/google-ads\/answer\/2407785?hl=es\" target=\"_blank\" rel=\"noopener\">https:\/\/support.google.com\/google-ads\/answer\/2407785?hl=es<\/a><\/p><p><a href=\"https:\/\/developers.google.com\/analytics\/devguides\/collection\/analyticsjs\/cookie-usage\" target=\"_blank\" rel=\"noopener\">https:\/\/developers.google.com\/analytics\/devguides\/collection\/analyticsjs\/cookie-usage<\/a><\/p><p><strong>Actualizaci\u00f3n de la Pol\u00edtica de Cookies<\/strong><\/p><p>En este sitio web se pueden modificar las Cookies y Las Pol\u00edticas de cookies en funci\u00f3n de las necesidades del proyecto y la legislaci\u00f3n vigente, as\u00ed como adaptar dicha pol\u00edtica a las instrucciones dictadas por la Agencia Espa\u00f1ola de Protecci\u00f3n de Datos. Todo cambio se comunicar\u00e1 en nuestra web.<\/p><p><strong>Las Cookies y la Vida Privada cuando se conecta a internet y a nuestro sitio web<\/strong><\/p><p>Usted como usuario ha de conocer el valor de las cookies y c\u00f3mo gestionarlas. Es cierto que las cookies almacenan y recuperan datos para realizar una publicidad con t\u00e9cnicas de acercamiento a la venta. Tambi\u00e9n que es cierto que la publicidad en internet est\u00e1 generando empleos en la cadena de trabajo de la actividad.<\/p>\t\t\t\t\t<\/div>\n\t\t\t\t\t\t<\/div>\n\t\t\t\t<\/div>\n\t\t\t\t\t\t<\/div>\n\t\t\t\t\t<\/div>\n\t\t<\/div>\n\t\t\t\t\t\t\t\t<\/div>\n\t\t\t\t\t<\/div>\n\t\t<\/section>\n\t\t\t\t\t\t<\/div>\n\t\t\t\t\t\t<\/div>\n\t\t\t\t\t<\/div>\n\t\t","protected":false},"excerpt":{"rendered":"<p>POL\u00cdTICA DE COOKIES INFORMACI\u00d3N SOBRE COOKIESDebido a la entrada en vigor de la referente modificaci\u00f3n de la \u00abLey de Servicios de la Sociedad de la Informaci\u00f3n\u00bb (LSSICE) establecida por el&#8230;<\/p>\n","protected":false},"author":3,"featured_media":0,"parent":0,"menu_order":0,"comment_status":"closed","ping_status":"closed","template":"","meta":{"footnotes":""},"class_list":["post-528","page","type-page","status-publish","hentry"],"yoast_head":"<!-- This site is optimized with the Yoast SEO plugin v19.6.1 - https:\/\/yoast.com\/wordpress\/plugins\/seo\/ -->\n<title>Pol\u00edtica de cookies - Albabike Blog<\/title>\n<meta name=\"robots\" content=\"index, follow, max-snippet:-1, max-image-preview:large, max-video-preview:-1\" \/>\n<link rel=\"canonical\" href=\"https:\/\/albabike.com\/blog\/politica-cookies\/\" \/>\n<meta property=\"og:locale\" content=\"es_ES\" \/>\n<meta property=\"og:type\" content=\"article\" \/>\n<meta property=\"og:title\" content=\"Pol\u00edtica de cookies - Albabike Blog\" \/>\n<meta property=\"og:description\" content=\"POL\u00cdTICA DE COOKIES INFORMACI\u00d3N SOBRE COOKIESDebido a la entrada en vigor de la referente modificaci\u00f3n de la \u00abLey de Servicios de la Sociedad de la Informaci\u00f3n\u00bb (LSSICE) establecida por el...\" \/>\n<meta property=\"og:url\" content=\"https:\/\/albabike.com\/blog\/politica-cookies\/\" \/>\n<meta property=\"og:site_name\" content=\"Albabike Blog\" \/>\n<meta property=\"article:modified_time\" content=\"2021-02-10T08:58:24+00:00\" \/>\n<meta name=\"twitter:card\" content=\"summary_large_image\" \/>\n<meta name=\"twitter:label1\" content=\"Tiempo de lectura\" \/>\n\t<meta name=\"twitter:data1\" content=\"9 minutos\" \/>\n<script type=\"application\/ld+json\" class=\"yoast-schema-graph\">{\"@context\":\"https:\/\/schema.org\",\"@graph\":[{\"@type\":\"WebPage\",\"@id\":\"https:\/\/albabike.com\/blog\/politica-cookies\/\",\"url\":\"https:\/\/albabike.com\/blog\/politica-cookies\/\",\"name\":\"Pol\u00edtica de cookies - Albabike Blog\",\"isPartOf\":{\"@id\":\"https:\/\/albabike.com\/blog\/#website\"},\"datePublished\":\"2021-02-10T08:23:37+00:00\",\"dateModified\":\"2021-02-10T08:58:24+00:00\",\"breadcrumb\":{\"@id\":\"https:\/\/albabike.com\/blog\/politica-cookies\/#breadcrumb\"},\"inLanguage\":\"es\",\"potentialAction\":[{\"@type\":\"ReadAction\",\"target\":[\"https:\/\/albabike.com\/blog\/politica-cookies\/\"]}]},{\"@type\":\"BreadcrumbList\",\"@id\":\"https:\/\/albabike.com\/blog\/politica-cookies\/#breadcrumb\",\"itemListElement\":[{\"@type\":\"ListItem\",\"position\":1,\"name\":\"Portada\",\"item\":\"https:\/\/albabike.com\/blog\/\"},{\"@type\":\"ListItem\",\"position\":2,\"name\":\"Pol\u00edtica de cookies\"}]},{\"@type\":\"WebSite\",\"@id\":\"https:\/\/albabike.com\/blog\/#website\",\"url\":\"https:\/\/albabike.com\/blog\/\",\"name\":\"Albabike Blog\",\"description\":\"Blog sobre ciclismo y motociclismo. Informaci\u00f3n, consejos, noticias y reportajes sobre los mejores art\u00edculos y accesorios de bicis y motos del mercado.\",\"potentialAction\":[{\"@type\":\"SearchAction\",\"target\":{\"@type\":\"EntryPoint\",\"urlTemplate\":\"https:\/\/albabike.com\/blog\/?s={search_term_string}\"},\"query-input\":\"required name=search_term_string\"}],\"inLanguage\":\"es\"}]}<\/script>\n<!-- \/ Yoast SEO plugin. -->","yoast_head_json":{"title":"Pol\u00edtica de cookies - Albabike Blog","robots":{"index":"index","follow":"follow","max-snippet":"max-snippet:-1","max-image-preview":"max-image-preview:large","max-video-preview":"max-video-preview:-1"},"canonical":"https:\/\/albabike.com\/blog\/politica-cookies\/","og_locale":"es_ES","og_type":"article","og_title":"Pol\u00edtica de cookies - Albabike Blog","og_description":"POL\u00cdTICA DE COOKIES INFORMACI\u00d3N SOBRE COOKIESDebido a la entrada en vigor de la referente modificaci\u00f3n de la \u00abLey de Servicios de la Sociedad de la Informaci\u00f3n\u00bb (LSSICE) establecida por el...","og_url":"https:\/\/albabike.com\/blog\/politica-cookies\/","og_site_name":"Albabike Blog","article_modified_time":"2021-02-10T08:58:24+00:00","twitter_card":"summary_large_image","twitter_misc":{"Tiempo de lectura":"9 minutos"},"schema":{"@context":"https:\/\/schema.org","@graph":[{"@type":"WebPage","@id":"https:\/\/albabike.com\/blog\/politica-cookies\/","url":"https:\/\/albabike.com\/blog\/politica-cookies\/","name":"Pol\u00edtica de cookies - Albabike Blog","isPartOf":{"@id":"https:\/\/albabike.com\/blog\/#website"},"datePublished":"2021-02-10T08:23:37+00:00","dateModified":"2021-02-10T08:58:24+00:00","breadcrumb":{"@id":"https:\/\/albabike.com\/blog\/politica-cookies\/#breadcrumb"},"inLanguage":"es","potentialAction":[{"@type":"ReadAction","target":["https:\/\/albabike.com\/blog\/politica-cookies\/"]}]},{"@type":"BreadcrumbList","@id":"https:\/\/albabike.com\/blog\/politica-cookies\/#breadcrumb","itemListElement":[{"@type":"ListItem","position":1,"name":"Portada","item":"https:\/\/albabike.com\/blog\/"},{"@type":"ListItem","position":2,"name":"Pol\u00edtica de cookies"}]},{"@type":"WebSite","@id":"https:\/\/albabike.com\/blog\/#website","url":"https:\/\/albabike.com\/blog\/","name":"Albabike Blog","description":"Blog sobre ciclismo y motociclismo. Informaci\u00f3n, consejos, noticias y reportajes sobre los mejores art\u00edculos y accesorios de bicis y motos del mercado.","potentialAction":[{"@type":"SearchAction","target":{"@type":"EntryPoint","urlTemplate":"https:\/\/albabike.com\/blog\/?s={search_term_string}"},"query-input":"required name=search_term_string"}],"inLanguage":"es"}]}},"_links":{"self":[{"href":"https:\/\/albabike.com\/blog\/wp-json\/wp\/v2\/pages\/528","targetHints":{"allow":["GET"]}}],"collection":[{"href":"https:\/\/albabike.com\/blog\/wp-json\/wp\/v2\/pages"}],"about":[{"href":"https:\/\/albabike.com\/blog\/wp-json\/wp\/v2\/types\/page"}],"author":[{"embeddable":true,"href":"https:\/\/albabike.com\/blog\/wp-json\/wp\/v2\/users\/3"}],"replies":[{"embeddable":true,"href":"https:\/\/albabike.com\/blog\/wp-json\/wp\/v2\/comments?post=528"}],"version-history":[{"count":11,"href":"https:\/\/albabike.com\/blog\/wp-json\/wp\/v2\/pages\/528\/revisions"}],"predecessor-version":[{"id":562,"href":"https:\/\/albabike.com\/blog\/wp-json\/wp\/v2\/pages\/528\/revisions\/562"}],"wp:attachment":[{"href":"https:\/\/albabike.com\/blog\/wp-json\/wp\/v2\/media?parent=528"}],"curies":[{"name":"wp","href":"https:\/\/api.w.org\/{rel}","templated":true}]}}